{"id":1362,"date":"2022-11-14T14:59:10","date_gmt":"2022-11-14T14:59:10","guid":{"rendered":"https:\/\/pxdev3.com\/tpa\/?page_id=1362"},"modified":"2023-08-30T14:54:17","modified_gmt":"2023-08-30T14:54:17","slug":"el-equipo","status":"publish","type":"page","link":"https:\/\/tpa.cr\/en\/el-equipo\/","title":{"rendered":"Team"},"content":{"rendered":"<div data-elementor-type=\"wp-page\" data-elementor-id=\"1362\" class=\"elementor elementor-1362\" data-elementor-post-type=\"page\">\n\t\t\t\t\t\t<section class=\"elementor-section elementor-top-section elementor-element elementor-element-4509f48 elementor-section-full_width banner-section elementor-section-height-default elementor-section-height-default\" data-id=\"4509f48\" data-element_type=\"section\" data-e-type=\"section\">\n\t\t\t\t\t\t<div class=\"elementor-container elementor-column-gap-default\">\n\t\t\t\t\t<div class=\"elementor-column elementor-col-100 elementor-top-column elementor-element elementor-element-36c0fa3\" data-id=\"36c0fa3\" data-element_type=\"column\" data-e-type=\"column\">\n\t\t\t<div class=\"elementor-widget-wrap elementor-element-populated\">\n\t\t\t\t\t\t<section class=\"elementor-section elementor-inner-section elementor-element elementor-element-c0279b6 elementor-section-full_width elementor-section-height-default elementor-section-height-default\" data-id=\"c0279b6\" data-element_type=\"section\" data-e-type=\"section\">\n\t\t\t\t\t\t<div class=\"elementor-container elementor-column-gap-default\">\n\t\t\t\t\t<div class=\"elementor-column elementor-col-100 elementor-inner-column elementor-element elementor-element-e9f8d43\" data-id=\"e9f8d43\" data-element_type=\"column\" data-e-type=\"column\">\n\t\t\t<div class=\"elementor-widget-wrap elementor-element-populated\">\n\t\t\t\t\t\t<div class=\"elementor-element elementor-element-2620001 banner-section__slider elementor-widget elementor-widget-ucaddon_content_slider_new\" data-id=\"2620001\" data-element_type=\"widget\" data-e-type=\"widget\" data-widget_type=\"ucaddon_content_slider_new.default\">\n\t\t\t\t<div class=\"elementor-widget-container\">\n\t\t\t\t\t\n<!-- start Content Slider -->\n\t\t<link id='font-awesome-css' href='https:\/\/tpa.cr\/wp-content\/plugins\/unlimited-elements-for-elementor-premium\/assets_libraries\/font-awesome6\/fontawesome-all.min.css' type='text\/css' rel='stylesheet' >\n\t\t<link id='font-awesome-4-shim-css' href='https:\/\/tpa.cr\/wp-content\/plugins\/unlimited-elements-for-elementor-premium\/assets_libraries\/font-awesome6\/fontawesome-v4-shims.min.css' type='text\/css' rel='stylesheet' >\n\t\t<link id='owl-carousel-css' href='https:\/\/tpa.cr\/wp-content\/plugins\/unlimited-elements-for-elementor-premium\/assets_libraries\/owl-carousel-new\/assets\/owl.carousel.css' type='text\/css' rel='stylesheet' >\n\t\t<link id='uc_ac_assets_file_animate_css_77907-css' href='https:\/\/tpa.cr\/wp-content\/uploads\/ac_assets\/uc_content_slider_new\/animate.css' type='text\/css' rel='stylesheet' >\n\n<style>\/* widget: Content Slider *\/\n\n#uc_content_slider_new_elementor_2620001 .uc_fbps_slide\n{\n  position:relative;\n  overflow:hidden;\n  display:flex;\n  \n}\n\n#uc_content_slider_new_elementor_2620001 .owl-carousel .animated   {\n-webkit-animation-duration: 1000ms;\nanimation-duration: 1000ms;\n}\n\n#uc_content_slider_new_elementor_2620001 .uc_fbps_container_image img\n{\n  display:inline-block;\n}\n\n#uc_content_slider_new_elementor_2620001 .uc_fbps_content\n{\n  position:relative;\n}\n\n.uc_fbps_container_title\n{\n  font-size:21px;\n}\n\n#uc_content_slider_new_elementor_2620001 .ue-btn {\n\ttext-decoration:none;\n\ttransition: all 0.5s ease;\n    text-align:center;\n}\n\n#uc_content_slider_new_elementor_2620001 .ue-item-overlay\n{\n  position:absolute;\n  top:0px;\n  left:0px;\n  right:0px;\n  bottom:0px;\n}\n\n#uc_content_slider_new_elementor_2620001 .ue-item-image\n{\n  background-repeat:no-repeat;\n  position:absolute;\n  top:0px;\n  left:0px;\n  right:0px;\n  bottom:0px;\n}\n\n#uc_content_slider_new_elementor_2620001 .owl-dots {\noverflow:hidden;\ntext-align:center;\nposition:relative;\nz-index:2;\n}\n\n#uc_content_slider_new_elementor_2620001 .owl-dot {\nborder-radius:50%;\ndisplay:inline-block;\n}\n\n#uc_content_slider_new_elementor_2620001 .owl-nav .owl-prev{\n    position:absolute;\n    display:inline-block;\n    text-align:center;\n}\n#uc_content_slider_new_elementor_2620001 .owl-nav .owl-next{\n  position:absolute;\n  display:inline-block;\n  text-align:center;\n}\n\n#uc_content_slider_new_elementor_2620001 .owl-nav .disabled\n{\n    display: none;  \n}\n\n\n#uc_content_slider_new_elementor_2620001 .ue-item-icon\n{\n  line-height:1em;\n  display:inline-flex;\n  justify-content:center;\n  align-items:center;\n  \n}\n\n#uc_content_slider_new_elementor_2620001 .ue-item-icon svg\n{\n  height:1em;\n  width:1em;\n}\n\n\t\n\n\n\n\n\n\n\t\n\n\n#uc_content_slider_new_elementor_2620001 .uc-active-item .uc_fbps_content\n{\n  animation: fade-in-left 1s ease;\n  animation-fill-mode: forwards;\n  animation-delay: 1s;\n  opacity:0;\n}\n\n\n\n@keyframes fade-in-left {\n  0% {\n    -webkit-transform: translateX(-50px);\n            transform: translateX(-50px);\n    opacity: 0;\n  }\n  100% {\n    -webkit-transform: translateX(0);\n            transform: translateX(0);\n    opacity: 1;\n  }\n}\n\n@keyframes fade-in-right {\n  0% {\n    -webkit-transform: translateX(50px);\n            transform: translateX(50px);\n    opacity: 0;\n  }\n  100% {\n    -webkit-transform: translateX(0);\n            transform: translateX(0);\n    opacity: 1;\n  }\n}\n\n@keyframes fade-in-bottom {\n  0% {\n    -webkit-transform: translateY(50px);\n            transform: translateY(50px);\n    opacity: 0;\n  }\n  100% {\n    -webkit-transform: translateY(0);\n            transform: translateY(0);\n    opacity: 1;\n  }\n}\n\n@keyframes fade-in-top {\n  0% {\n    -webkit-transform: translateY(-50px);\n            transform: translateY(-50px);\n    opacity: 0;\n  }\n  100% {\n    -webkit-transform: translateY(0);\n            transform: translateY(0);\n    opacity: 1;\n  }\n}\n\n\n\n<\/style>\n\n<div class=\"uc_fixed_box_postslider\" id=\"uc_content_slider_new_elementor_2620001\" style=\"direction:ltr;\">\n        <div class=\"uc_fbps_container\">\n            <div id=\"slider-uc_content_slider_new_elementor_2620001\" class=\"owl-carousel\" >\n            \t<div class=\"uc_fbps_slide elementor-repeater-item-27618e8\" >\n  <div style=\"background-image:url(https:\/\/tpa.cr\/wp-content\/uploads\/2023\/04\/TPA-Paisajismo-49.jpg);\" class=\"ue-item-image\"><\/div>\n  <div class=\"ue-item-overlay\"><\/div>\n \n    \n        <div class=\"uc_fbps_content\">\n        \n                <div class=\"uc_fbps_container_title\"><\/div>\n        \n                <div class=\"uc_fbps_container_desc\"><\/div>\n        \n                <div class=\"ue-btn-wrap\"><a href=\"\" class=\"uc_fbps_cta ue-btn\"><\/a><\/div>\n              <\/div>\n        \n    \n        \n    \n    \n \n<\/div>\n\n            <\/div>\n        <\/div>\n<\/div>\n<!-- end Content Slider -->\t\t\t\t<\/div>\n\t\t\t\t<\/div>\n\t\t\t\t<div class=\"elementor-element elementor-element-7793977 elementor-align-center elementor-absolute banner-section__arrow animated_arrow elementor-widget elementor-widget-button\" data-id=\"7793977\" data-element_type=\"widget\" data-e-type=\"widget\" data-settings=\"{&quot;_position&quot;:&quot;absolute&quot;}\" data-widget_type=\"button.default\">\n\t\t\t\t<div class=\"elementor-widget-container\">\n\t\t\t\t\t\t\t\t\t<div class=\"elementor-button-wrapper\">\n\t\t\t\t\t<a class=\"elementor-button elementor-button-link elementor-size-sm\" href=\"#siguiente\" rel=\"nofollow\">\n\t\t\t\t\t\t<span class=\"elementor-button-content-wrapper\">\n\t\t\t\t\t\t\t\t\t<span class=\"elementor-button-text\">Show more<br><i class=\"fa fa-chevron-down\" aria-hidden=\"true\"><\/i><\/span>\n\t\t\t\t\t<\/span>\n\t\t\t\t\t<\/a>\n\t\t\t\t<\/div>\n\t\t\t\t\t\t\t\t<\/div>\n\t\t\t\t<\/div>\n\t\t\t\t\t<\/div>\n\t\t<\/div>\n\t\t\t\t\t<\/div>\n\t\t<\/section>\n\t\t\t\t\t<\/div>\n\t\t<\/div>\n\t\t\t\t\t<\/div>\n\t\t<\/section>\n\t\t\t\t<section class=\"elementor-section elementor-top-section elementor-element elementor-element-18b714d elementor-section-full_width elementor-section-height-min-height elementor-section-height-default elementor-section-items-middle\" data-id=\"18b714d\" data-element_type=\"section\" data-e-type=\"section\">\n\t\t\t\t\t\t<div class=\"elementor-container elementor-column-gap-default\">\n\t\t\t\t\t<div class=\"elementor-column elementor-col-100 elementor-top-column elementor-element elementor-element-dec6163\" data-id=\"dec6163\" data-element_type=\"column\" data-e-type=\"column\">\n\t\t\t<div class=\"elementor-widget-wrap\">\n\t\t\t\t\t\t\t<\/div>\n\t\t<\/div>\n\t\t\t\t\t<\/div>\n\t\t<\/section>\n\t\t\t\t<section class=\"elementor-section elementor-top-section elementor-element elementor-element-bcb5151 elementor-section-full_width elementor-section-height-default elementor-section-height-default\" data-id=\"bcb5151\" data-element_type=\"section\" data-e-type=\"section\" id=\"siguiente\">\n\t\t\t\t\t\t<div class=\"elementor-container elementor-column-gap-default\">\n\t\t\t\t\t<div class=\"elementor-column elementor-col-100 elementor-top-column elementor-element elementor-element-f082767\" data-id=\"f082767\" data-element_type=\"column\" data-e-type=\"column\">\n\t\t\t<div class=\"elementor-widget-wrap elementor-element-populated\">\n\t\t\t\t\t\t<section class=\"elementor-section elementor-inner-section elementor-element elementor-element-84a8e39 elementor-section-full_width elementor-section-content-middle elementor-section-height-min-height elementor-section-height-default\" data-id=\"84a8e39\" data-element_type=\"section\" data-e-type=\"section\">\n\t\t\t\t\t\t<div class=\"elementor-container elementor-column-gap-default\">\n\t\t\t\t\t<div class=\"elementor-column elementor-col-50 elementor-inner-column elementor-element elementor-element-3f953c9 team-picture elementor-invisible\" data-id=\"3f953c9\" data-element_type=\"column\" data-e-type=\"column\" data-settings=\"{&quot;background_background&quot;:&quot;classic&quot;,&quot;animation&quot;:&quot;slideInLeft&quot;}\">\n\t\t\t<div class=\"elementor-widget-wrap\">\n\t\t\t\t\t\t\t<\/div>\n\t\t<\/div>\n\t\t\t\t<div class=\"elementor-column elementor-col-50 elementor-inner-column elementor-element elementor-element-1e80354 elementor-invisible\" data-id=\"1e80354\" data-element_type=\"column\" data-e-type=\"column\" data-settings=\"{&quot;background_background&quot;:&quot;classic&quot;,&quot;animation&quot;:&quot;slideInRight&quot;}\">\n\t\t\t<div class=\"elementor-widget-wrap elementor-element-populated\">\n\t\t\t\t\t\t<div class=\"elementor-element elementor-element-41f8b3d elementor-widget elementor-widget-heading\" data-id=\"41f8b3d\" data-element_type=\"widget\" data-e-type=\"widget\" data-widget_type=\"heading.default\">\n\t\t\t\t<div class=\"elementor-widget-container\">\n\t\t\t\t\t<h2 class=\"elementor-heading-title elementor-size-default\">Arch. Bernal Morales<\/h2>\t\t\t\t<\/div>\n\t\t\t\t<\/div>\n\t\t\t\t<div class=\"elementor-element elementor-element-b1c56f2 elementor-widget elementor-widget-text-editor\" data-id=\"b1c56f2\" data-element_type=\"widget\" data-e-type=\"widget\" data-widget_type=\"text-editor.default\">\n\t\t\t\t<div class=\"elementor-widget-container\">\n\t\t\t\t\t\t\t\t\t<p>Bernal is a professional architect dedicated to landscaping ever since he was a student at the University of Costa Rica. His interest in the symbiosis between the design of an architectural object and its influence in people and their surroundings, led him to delve deeper into the theory of urban space. He moved to Sweden in order to attend postgraduate studies in Sustainable Urban Management, and later became founding partner of TPA. He has worked as an architect and landscaper for the past 10 years, and as a musician, amateur photographer and traveler for even longer. This life journey allows him to infuse each design with creativity, innovation and curious details.<\/p>\t\t\t\t\t\t\t\t<\/div>\n\t\t\t\t<\/div>\n\t\t\t\t\t<\/div>\n\t\t<\/div>\n\t\t\t\t\t<\/div>\n\t\t<\/section>\n\t\t\t\t<section class=\"elementor-section elementor-inner-section elementor-element elementor-element-fc87d8a elementor-section-full_width elementor-section-content-middle elementor-reverse-mobile elementor-section-height-min-height elementor-section-height-default\" data-id=\"fc87d8a\" data-element_type=\"section\" data-e-type=\"section\">\n\t\t\t\t\t\t<div class=\"elementor-container elementor-column-gap-default\">\n\t\t\t\t\t<div class=\"elementor-column elementor-col-50 elementor-inner-column elementor-element elementor-element-db0b8f2 elementor-invisible\" data-id=\"db0b8f2\" data-element_type=\"column\" data-e-type=\"column\" data-settings=\"{&quot;background_background&quot;:&quot;classic&quot;,&quot;animation&quot;:&quot;slideInLeft&quot;}\">\n\t\t\t<div class=\"elementor-widget-wrap elementor-element-populated\">\n\t\t\t\t\t\t<div class=\"elementor-element elementor-element-c8f49dd elementor-widget elementor-widget-heading\" data-id=\"c8f49dd\" data-element_type=\"widget\" data-e-type=\"widget\" data-widget_type=\"heading.default\">\n\t\t\t\t<div class=\"elementor-widget-container\">\n\t\t\t\t\t<h2 class=\"elementor-heading-title elementor-size-default\">Arch. Bernard Sasserath<\/h2>\t\t\t\t<\/div>\n\t\t\t\t<\/div>\n\t\t\t\t<div class=\"elementor-element elementor-element-187205d elementor-widget elementor-widget-text-editor\" data-id=\"187205d\" data-element_type=\"widget\" data-e-type=\"widget\" data-widget_type=\"text-editor.default\">\n\t\t\t\t<div class=\"elementor-widget-container\">\n\t\t\t\t\t\t\t\t\t<p>Founding partner of TPA, Bernard is a landscape architect born and graduated in Belgium who has a profound interest in spaces, and how their organization and aesthetics influence human behavior. His experience in the field of Landscape Architecture has been enriched by 20 years of work, two contrasting continents, labor that is both manual and intellectual, creative and technical, and a wide variety of projects of different scale and scope. Passionate about natural landscapes, biodiversity and urban anecdotes, Bernard develops his potential in a passionate, structured and incisive manner.<\/p>\t\t\t\t\t\t\t\t<\/div>\n\t\t\t\t<\/div>\n\t\t\t\t\t<\/div>\n\t\t<\/div>\n\t\t\t\t<div class=\"elementor-column elementor-col-50 elementor-inner-column elementor-element elementor-element-e2457a2 team-picture elementor-invisible\" data-id=\"e2457a2\" data-element_type=\"column\" data-e-type=\"column\" data-settings=\"{&quot;background_background&quot;:&quot;classic&quot;,&quot;animation&quot;:&quot;slideInRight&quot;}\">\n\t\t\t<div class=\"elementor-widget-wrap\">\n\t\t\t\t\t\t\t<\/div>\n\t\t<\/div>\n\t\t\t\t\t<\/div>\n\t\t<\/section>\n\t\t\t\t\t<\/div>\n\t\t<\/div>\n\t\t\t\t\t<\/div>\n\t\t<\/section>\n\t\t\t\t<section class=\"elementor-section elementor-top-section elementor-element elementor-element-a85e95c elementor-section-full_width elementor-section-height-default elementor-section-height-default\" data-id=\"a85e95c\" data-element_type=\"section\" data-e-type=\"section\">\n\t\t\t\t\t\t<div class=\"elementor-container elementor-column-gap-default\">\n\t\t\t\t\t<div class=\"elementor-column elementor-col-100 elementor-top-column elementor-element elementor-element-6cb7b59\" data-id=\"6cb7b59\" data-element_type=\"column\" data-e-type=\"column\">\n\t\t\t<div class=\"elementor-widget-wrap elementor-element-populated\">\n\t\t\t\t\t\t<section class=\"elementor-section elementor-inner-section elementor-element elementor-element-d206e02 elementor-section-full_width elementor-section-content-middle elementor-section-height-min-height elementor-section-height-default\" data-id=\"d206e02\" data-element_type=\"section\" data-e-type=\"section\">\n\t\t\t\t\t\t<div class=\"elementor-container elementor-column-gap-default\">\n\t\t\t\t\t<div class=\"elementor-column elementor-col-50 elementor-inner-column elementor-element elementor-element-d37d4ad team-picture elementor-invisible\" data-id=\"d37d4ad\" data-element_type=\"column\" data-e-type=\"column\" data-settings=\"{&quot;background_background&quot;:&quot;classic&quot;,&quot;animation&quot;:&quot;slideInLeft&quot;}\">\n\t\t\t<div class=\"elementor-widget-wrap\">\n\t\t\t\t\t\t\t<\/div>\n\t\t<\/div>\n\t\t\t\t<div class=\"elementor-column elementor-col-50 elementor-inner-column elementor-element elementor-element-721afee elementor-invisible\" data-id=\"721afee\" data-element_type=\"column\" data-e-type=\"column\" data-settings=\"{&quot;background_background&quot;:&quot;classic&quot;,&quot;animation&quot;:&quot;slideInRight&quot;}\">\n\t\t\t<div class=\"elementor-widget-wrap elementor-element-populated\">\n\t\t\t\t\t\t<div class=\"elementor-element elementor-element-0ba60b5 elementor-widget elementor-widget-heading\" data-id=\"0ba60b5\" data-element_type=\"widget\" data-e-type=\"widget\" data-widget_type=\"heading.default\">\n\t\t\t\t<div class=\"elementor-widget-container\">\n\t\t\t\t\t<h2 class=\"elementor-heading-title elementor-size-default\">Daniela Calder\u00f3n<\/h2>\t\t\t\t<\/div>\n\t\t\t\t<\/div>\n\t\t\t\t<div class=\"elementor-element elementor-element-2d9ba8a elementor-widget elementor-widget-text-editor\" data-id=\"2d9ba8a\" data-element_type=\"widget\" data-e-type=\"widget\" data-widget_type=\"text-editor.default\">\n\t\t\t\t<div class=\"elementor-widget-container\">\n\t\t\t\t\t\t\t\t\t<p>Project coordinator architect<\/p>\t\t\t\t\t\t\t\t<\/div>\n\t\t\t\t<\/div>\n\t\t\t\t\t<\/div>\n\t\t<\/div>\n\t\t\t\t\t<\/div>\n\t\t<\/section>\n\t\t\t\t<section class=\"elementor-section elementor-inner-section elementor-element elementor-element-d6e731e elementor-section-full_width elementor-section-content-middle elementor-reverse-mobile elementor-section-height-min-height elementor-section-height-default\" data-id=\"d6e731e\" data-element_type=\"section\" data-e-type=\"section\">\n\t\t\t\t\t\t<div class=\"elementor-container elementor-column-gap-default\">\n\t\t\t\t\t<div class=\"elementor-column elementor-col-50 elementor-inner-column elementor-element elementor-element-a55012b elementor-invisible\" data-id=\"a55012b\" data-element_type=\"column\" data-e-type=\"column\" data-settings=\"{&quot;background_background&quot;:&quot;classic&quot;,&quot;animation&quot;:&quot;slideInLeft&quot;}\">\n\t\t\t<div class=\"elementor-widget-wrap elementor-element-populated\">\n\t\t\t\t\t\t<div class=\"elementor-element elementor-element-5288444 elementor-widget elementor-widget-heading\" data-id=\"5288444\" data-element_type=\"widget\" data-e-type=\"widget\" data-widget_type=\"heading.default\">\n\t\t\t\t<div class=\"elementor-widget-container\">\n\t\t\t\t\t<h2 class=\"elementor-heading-title elementor-size-default\">Andr\u00e9s Ramos<\/h2>\t\t\t\t<\/div>\n\t\t\t\t<\/div>\n\t\t\t\t<div class=\"elementor-element elementor-element-ab5f0cb elementor-widget elementor-widget-text-editor\" data-id=\"ab5f0cb\" data-element_type=\"widget\" data-e-type=\"widget\" data-widget_type=\"text-editor.default\">\n\t\t\t\t<div class=\"elementor-widget-container\">\n\t\t\t\t\t\t\t\t\t<p>BIM coordinator<\/p>\t\t\t\t\t\t\t\t<\/div>\n\t\t\t\t<\/div>\n\t\t\t\t\t<\/div>\n\t\t<\/div>\n\t\t\t\t<div class=\"elementor-column elementor-col-50 elementor-inner-column elementor-element elementor-element-c196247 team-picture elementor-invisible\" data-id=\"c196247\" data-element_type=\"column\" data-e-type=\"column\" data-settings=\"{&quot;background_background&quot;:&quot;classic&quot;,&quot;animation&quot;:&quot;slideInRight&quot;}\">\n\t\t\t<div class=\"elementor-widget-wrap\">\n\t\t\t\t\t\t\t<\/div>\n\t\t<\/div>\n\t\t\t\t\t<\/div>\n\t\t<\/section>\n\t\t\t\t\t<\/div>\n\t\t<\/div>\n\t\t\t\t\t<\/div>\n\t\t<\/section>\n\t\t\t\t<section class=\"elementor-section elementor-top-section elementor-element elementor-element-7b61a54 elementor-section-full_width elementor-section-height-default elementor-section-height-default\" data-id=\"7b61a54\" data-element_type=\"section\" data-e-type=\"section\">\n\t\t\t\t\t\t<div class=\"elementor-container elementor-column-gap-default\">\n\t\t\t\t\t<div class=\"elementor-column elementor-col-100 elementor-top-column elementor-element elementor-element-b464bfe\" data-id=\"b464bfe\" data-element_type=\"column\" data-e-type=\"column\">\n\t\t\t<div class=\"elementor-widget-wrap elementor-element-populated\">\n\t\t\t\t\t\t<section class=\"elementor-section elementor-inner-section elementor-element elementor-element-1c03cba elementor-section-full_width elementor-section-content-middle elementor-section-height-min-height elementor-section-height-default\" data-id=\"1c03cba\" data-element_type=\"section\" data-e-type=\"section\">\n\t\t\t\t\t\t<div class=\"elementor-container elementor-column-gap-default\">\n\t\t\t\t\t<div class=\"elementor-column elementor-col-50 elementor-inner-column elementor-element elementor-element-80e7125 team-picture elementor-invisible\" data-id=\"80e7125\" data-element_type=\"column\" data-e-type=\"column\" data-settings=\"{&quot;background_background&quot;:&quot;classic&quot;,&quot;animation&quot;:&quot;slideInLeft&quot;}\">\n\t\t\t<div class=\"elementor-widget-wrap\">\n\t\t\t\t\t\t\t<\/div>\n\t\t<\/div>\n\t\t\t\t<div class=\"elementor-column elementor-col-50 elementor-inner-column elementor-element elementor-element-86d7d83 elementor-invisible\" data-id=\"86d7d83\" data-element_type=\"column\" data-e-type=\"column\" data-settings=\"{&quot;background_background&quot;:&quot;classic&quot;,&quot;animation&quot;:&quot;slideInRight&quot;}\">\n\t\t\t<div class=\"elementor-widget-wrap elementor-element-populated\">\n\t\t\t\t\t\t<div class=\"elementor-element elementor-element-62d3d8c elementor-widget elementor-widget-heading\" data-id=\"62d3d8c\" data-element_type=\"widget\" data-e-type=\"widget\" data-widget_type=\"heading.default\">\n\t\t\t\t<div class=\"elementor-widget-container\">\n\t\t\t\t\t<h2 class=\"elementor-heading-title elementor-size-default\">Tito Guarnizo<\/h2>\t\t\t\t<\/div>\n\t\t\t\t<\/div>\n\t\t\t\t<div class=\"elementor-element elementor-element-fc9dae3 elementor-widget elementor-widget-text-editor\" data-id=\"fc9dae3\" data-element_type=\"widget\" data-e-type=\"widget\" data-widget_type=\"text-editor.default\">\n\t\t\t\t<div class=\"elementor-widget-container\">\n\t\t\t\t\t\t\t\t\t<p>Architec<\/p>\t\t\t\t\t\t\t\t<\/div>\n\t\t\t\t<\/div>\n\t\t\t\t\t<\/div>\n\t\t<\/div>\n\t\t\t\t\t<\/div>\n\t\t<\/section>\n\t\t\t\t\t<\/div>\n\t\t<\/div>\n\t\t\t\t\t<\/div>\n\t\t<\/section>\n\t\t\t\t<\/div>","protected":false},"excerpt":{"rendered":"<p>Ver m\u00e1s Arq. Bernal Morales Arquitecto de profesi\u00f3n, Bernal se vincula con el paisajismo desde su \u00e9poca de estudiante en la Universidad de Costa Rica. La simbiosis entre el dise\u00f1o del objeto arquitect\u00f3nico y su influencia en el medio y la gente le llevan a buscar profundizar en la teor\u00eda del espacio urbano. Emigra a [&hellip;]<\/p>\n","protected":false},"author":1,"featured_media":0,"parent":0,"menu_order":0,"comment_status":"closed","ping_status":"closed","template":"","meta":{"_acf_changed":false,"footnotes":""},"class_list":["post-1362","page","type-page","status-publish","hentry"],"acf":[],"_links":{"self":[{"href":"https:\/\/tpa.cr\/en\/wp-json\/wp\/v2\/pages\/1362","targetHints":{"allow":["GET"]}}],"collection":[{"href":"https:\/\/tpa.cr\/en\/wp-json\/wp\/v2\/pages"}],"about":[{"href":"https:\/\/tpa.cr\/en\/wp-json\/wp\/v2\/types\/page"}],"author":[{"embeddable":true,"href":"https:\/\/tpa.cr\/en\/wp-json\/wp\/v2\/users\/1"}],"replies":[{"embeddable":true,"href":"https:\/\/tpa.cr\/en\/wp-json\/wp\/v2\/comments?post=1362"}],"version-history":[{"count":73,"href":"https:\/\/tpa.cr\/en\/wp-json\/wp\/v2\/pages\/1362\/revisions"}],"predecessor-version":[{"id":3034,"href":"https:\/\/tpa.cr\/en\/wp-json\/wp\/v2\/pages\/1362\/revisions\/3034"}],"wp:attachment":[{"href":"https:\/\/tpa.cr\/en\/wp-json\/wp\/v2\/media?parent=1362"}],"curies":[{"name":"wp","href":"https:\/\/api.w.org\/{rel}","templated":true}]}}